{"id":667,"date":"2025-09-28T07:39:11","date_gmt":"2025-09-28T07:39:11","guid":{"rendered":"https:\/\/iptvabbonamentoitalia.com\/?page_id=667"},"modified":"2026-02-18T18:41:17","modified_gmt":"2026-02-18T18:41:17","slug":"politiche-di-rimborso","status":"publish","type":"page","link":"https:\/\/iptvabbonamentoitalia.com\/iptv-italia\/politiche-di-rimborso\/","title":{"rendered":"Politiche di Rimborso"},"content":{"rendered":"\n<div class=\"wp-block-uagb-container uagb-block-33914ddc alignfull uagb-is-root-container\"><div class=\"uagb-container-inner-blocks-wrap\">\n<div class=\"wp-block-uagb-info-box uagb-block-32540a6c uagb-infobox__content-wrap  uagb-infobox-icon-above-title uagb-infobox-image-valign-top\"><div class=\"uagb-ifb-content\"><div class=\"uagb-ifb-title-wrap\"><h1 class=\"uagb-ifb-title\"><strong>Politiche di Rimborso<\/strong><\/h1><\/div><\/div><\/div>\n<\/div><\/div>\n\n\n\n<div class=\"wp-block-uagb-container uagb-block-84e181c4 alignfull uagb-is-root-container\"><div class=\"uagb-container-inner-blocks-wrap\">\n<div class=\"wp-block-uagb-container uagb-block-94f28515\">\n<h2 class=\"wp-block-heading has-text-align-center\">Politiche di Rimborso<\/h2>\n\n\n\n<p class=\"has-text-align-center\">Siamo sempre impegnati a offrire un servizio di alta qualit\u00e0, e la soddisfazione dei nostri clienti \u00e8 la nostra priorit\u00e0. Tuttavia, comprendiamo che in alcuni casi possano sorgere problemi. Di seguito ti spieghiamo la nostra <strong>politica di rimborso<\/strong>.<\/p>\n\n\n\n<h2 class=\"wp-block-heading has-text-align-center\">Rimborsi Disponibili Solo in Caso di Problemi Legati al Nostro Servizio<\/h2>\n\n\n\n<p class=\"has-text-align-center\">I <strong>rimborsi<\/strong> sono concessi esclusivamente in caso di <strong>problemi derivanti dal nostro servizio<\/strong>. Questo significa che se il disguido o l&#8217;inconveniente \u00e8 causato da un malfunzionamento del nostro servizio o da un errore tecnico interno, provvederemo a risolvere la situazione attraverso un rimborso.<\/p>\n\n\n\n<p class=\"has-text-align-center\">Tuttavia, <strong>non sono previsti rimborsi<\/strong> in caso di problemi causati da fattori esterni, come ad esempio:<\/p>\n\n\n\n<ul class=\"wp-block-list\">\n<li>Problemi di connessione internet da parte dell&#8217;utente.<\/li>\n\n\n\n<li>Eventuali malfunzionamenti del dispositivo utilizzato per fruire del servizio.<\/li>\n\n\n\n<li>Errori imputabili a terze parti (es. problemi con i provider di pagamento, interferenze con firewall o antivirus).<\/li>\n\n\n\n<li>Uso non conforme o inadeguato del servizio da parte dell&#8217;utente.<\/li>\n<\/ul>\n\n\n\n<h2 class=\"wp-block-heading has-text-align-center\">Procedura per Richiedere un Rimborso<\/h2>\n\n\n\n<div class=\"procedure\" style=\"text-align: center;\">\n<h3>Come fare:<\/h3>\n<p>Se ritieni di aver diritto a un rimborso in base ai criteri sopra descritti, ti invitiamo a seguire questa procedura:<\/p>\n<ol>\n<li><strong>Contatta il nostro supporto clienti<\/strong> entro 7 giorni dall&#8217;acquisto del servizio, spiegando dettagliatamente il problema riscontrato.<\/li>\n<li>Fornisci tutte le informazioni richieste dal nostro team, come le prove del malfunzionamento del servizio, se necessario.<\/li>\n<li>Il nostro team valuter\u00e0 la tua richiesta e, se il problema \u00e8 dovuto al nostro servizio, procederemo con il rimborso o con una risoluzione alternativa.<\/li>\n<\/ol>\n<\/div>\n\n\n\n<h2 class=\"wp-block-heading has-text-align-center\">Tempistiche di Rimborso<\/h2>\n\n\n\n<p class=\"has-text-align-center\">Una volta approvata la richiesta di rimborso, l&#8217;importo verr\u00e0 restituito entro un massimo di <strong>7-10 giorni lavorativi<\/strong>.<\/p>\n\n\n\n<p class=\"has-text-align-center\">Se hai bisogno di ulteriori dettagli o chiarimenti sulla nostra politica di rimborso, non esitare a <strong>contattarci<\/strong>. Il nostro team \u00e8 sempre disponibile a supportarti!<\/p>\n\n\n\n<div class=\"footer\" style=\"text-align: center;\">\n<p>\u00a9 2025 IPTV Abbonamenti Italia. Tutti i diritti riservati.<\/p>\n<\/div>\n<\/div>\n<\/div><\/div>\n\n\n\n<div class=\"wp-block-uagb-container uagb-block-b684870f alignfull uagb-is-root-container\"><div class=\"uagb-container-inner-blocks-wrap\">\n<div class=\"wp-block-uagb-info-box uagb-block-f83a47d8 uagb-infobox__content-wrap  uagb-infobox-icon-above-title uagb-infobox-image-valign-top\"><div class=\"uagb-ifb-content\"><div class=\"uagb-ifb-title-wrap\"><span class=\"uagb-ifb-title-prefix\">Non aspettare oltre<\/span><h2 class=\"uagb-ifb-title\">Prova il servizio IPTV in pochi minuti<\/h2><\/div><div class=\"uagb-ifb-button-wrapper wp-block-button\"><a href=\"https:\/\/iptvabbonamentoitalia.com\/contattaci-info-abbonamenti-iptv\/\" class=\"uagb-infobox-cta-link wp-block-button__link\" target=\"_self\" rel=\"noopener noreferrer\" onclick=\"return true;\"><span class=\"uagb-inline-editing\">Inizia ora<\/span><svg xmlns=\"https:\/\/www.w3.org\/2000\/svg\" viewBox=\"0 0 512 512\"><path d=\"M504.3 273.6l-112.1 104c-6.992 6.484-17.18 8.218-25.94 4.406c-8.758-3.812-14.42-12.45-14.42-21.1L351.9 288H32C14.33 288 .0002 273.7 .0002 255.1S14.33 224 32 224h319.9l0-72c0-9.547 5.66-18.19 14.42-22c8.754-3.809 18.95-2.075 25.94 4.41l112.1 104C514.6 247.9 514.6 264.1 504.3 273.6z\"><\/path><\/svg><\/a><\/div><\/div><\/div>\n<\/div><\/div>\n\n\n\n<p><\/p>\n","protected":false},"excerpt":{"rendered":"<p>Politiche di Rimborso Siamo sempre impegnati a offrire un servizio di alta qualit\u00e0, e la soddisfazione dei nostri clienti \u00e8 [&hellip;]<\/p>\n","protected":false},"author":1,"featured_media":0,"parent":0,"menu_order":0,"comment_status":"closed","ping_status":"closed","template":"","meta":{"_uag_custom_page_level_css":"","site-sidebar-layout":"default","site-content-layout":"","ast-site-content-layout":"default","site-content-style":"default","site-sidebar-style":"default","ast-global-header-display":"","ast-banner-title-visibility":"","ast-main-header-display":"","ast-hfb-above-header-display":"","ast-hfb-below-header-display":"","ast-hfb-mobile-header-display":"","site-post-title":"disabled","ast-breadcrumbs-content":"","ast-featured-img":"","footer-sml-layout":"","ast-disable-related-posts":"","theme-transparent-header-meta":"enabled","adv-header-id-meta":"","stick-header-meta":"","header-above-stick-meta":"","header-main-stick-meta":"","header-below-stick-meta":"","astra-migrate-meta-layouts":"default","ast-page-background-enabled":"default","ast-page-background-meta":{"desktop":{"background-color":"var(--ast-global-color-4)","background-image":"","background-repeat":"repeat","background-position":"center center","background-size":"auto","background-attachment":"scroll","background-type":"","background-media":"","overlay-type":"","overlay-color":"","overlay-opacity":"","overlay-gradient":""},"tablet":{"background-color":"","background-image":"","background-repeat":"repeat","background-position":"center center","background-size":"auto","background-attachment":"scroll","background-type":"","background-media":"","overlay-type":"","overlay-color":"","overlay-opacity":"","overlay-gradient":""},"mobile":{"background-color":"","background-image":"","background-repeat":"repeat","background-position":"center center","background-size":"auto","background-attachment":"scroll","background-type":"","background-media":"","overlay-type":"","overlay-color":"","overlay-opacity":"","overlay-gradient":""}},"ast-content-background-meta":{"desktop":{"background-color":"var(--ast-global-color-5)","background-image":"","background-repeat":"repeat","background-position":"center center","background-size":"auto","background-attachment":"scroll","background-type":"","background-media":"","overlay-type":"","overlay-color":"","overlay-opacity":"","overlay-gradient":""},"tablet":{"background-color":"var(--ast-global-color-5)","background-image":"","background-repeat":"repeat","background-position":"center center","background-size":"auto","background-attachment":"scroll","background-type":"","background-media":"","overlay-type":"","overlay-color":"","overlay-opacity":"","overlay-gradient":""},"mobile":{"background-color":"var(--ast-global-color-5)","background-image":"","background-repeat":"repeat","background-position":"center center","background-size":"auto","background-attachment":"scroll","background-type":"","background-media":"","overlay-type":"","overlay-color":"","overlay-opacity":"","overlay-gradient":""}},"footnotes":""},"class_list":["post-667","page","type-page","status-publish","hentry"],"uagb_featured_image_src":{"full":false,"thumbnail":false,"medium":false,"medium_large":false,"large":false,"1536x1536":false,"2048x2048":false,"woocommerce_thumbnail":false,"woocommerce_single":false,"woocommerce_gallery_thumbnail":false},"uagb_author_info":{"display_name":"hypernova","author_link":"https:\/\/iptvabbonamentoitalia.com\/iptv-italia\/author\/hypernova\/"},"uagb_comment_info":0,"uagb_excerpt":"Politiche di Rimborso Siamo sempre impegnati a offrire un servizio di alta qualit\u00e0, e la soddisfazione dei nostri clienti \u00e8 [&hellip;]","_links":{"self":[{"href":"https:\/\/iptvabbonamentoitalia.com\/iptv-italia\/wp-json\/wp\/v2\/pages\/667","targetHints":{"allow":["GET"]}}],"collection":[{"href":"https:\/\/iptvabbonamentoitalia.com\/iptv-italia\/wp-json\/wp\/v2\/pages"}],"about":[{"href":"https:\/\/iptvabbonamentoitalia.com\/iptv-italia\/wp-json\/wp\/v2\/types\/page"}],"author":[{"embeddable":true,"href":"https:\/\/iptvabbonamentoitalia.com\/iptv-italia\/wp-json\/wp\/v2\/users\/1"}],"replies":[{"embeddable":true,"href":"https:\/\/iptvabbonamentoitalia.com\/iptv-italia\/wp-json\/wp\/v2\/comments?post=667"}],"version-history":[{"count":4,"href":"https:\/\/iptvabbonamentoitalia.com\/iptv-italia\/wp-json\/wp\/v2\/pages\/667\/revisions"}],"predecessor-version":[{"id":872,"href":"https:\/\/iptvabbonamentoitalia.com\/iptv-italia\/wp-json\/wp\/v2\/pages\/667\/revisions\/872"}],"wp:attachment":[{"href":"https:\/\/iptvabbonamentoitalia.com\/iptv-italia\/wp-json\/wp\/v2\/media?parent=667"}],"curies":[{"name":"wp","href":"https:\/\/api.w.org\/{rel}","templated":true}]}}